{"id":12,"date":"2018-01-17T23:37:18","date_gmt":"2018-01-17T23:37:18","guid":{"rendered":"http:\/\/cryocourse2021.grenoble.cnrs.fr\/?page_id=12"},"modified":"2021-09-21T13:11:14","modified_gmt":"2021-09-21T13:11:14","slug":"registration","status":"publish","type":"page","link":"http:\/\/cryocourse2021.grenoble.cnrs.fr\/index.php\/registration\/","title":{"rendered":"Registration"},"content":{"rendered":"<p class=\"paragraph_style_2\">Registration is required for <strong>all<\/strong> participants. Please, follow the explanations below, and be ready to submit all required material for your application (CV, motivation letter, diploma scan). You shall also submit a title and abstract for your Poster (standard A0 size portrait).<\/p>\n<p>The full meeting is supported by the <a href=\"http:\/\/cryocourse2021.grenoble.cnrs.fr\/index.php\/sponsors\/\">European Commision and our local sponsors<\/a>. About 40 applicants will be able to attend Cryocourse 2021. Please keep an eye on the important <strong>dates and deadlines<\/strong>:<\/p>\n<ul>\n<li>Pre-Registration closes June 15th, 2021.<\/li>\n<li>Decision of selection panel July 1rst, 2021.<\/li>\n<li>Cryocourse 2021 starts September 20th, 2021.<\/li>\n<\/ul>\n<p class=\"paragraph_style_6\">PLEASE NOTE THAT REGISTRATION IS A TWO-STEP PROCESS: (1) Pre-registration and (2) final acceptance by the panel of your registration.<\/p>\n<p><strong>Registration process:<\/strong><\/p>\n<ul>\n<li class=\"paragraph_style_4\">Step 1: <a href=\"http:\/\/inscription.neel.cnrs.fr\/index.php\/425487?lang=en\">Click this link to fill out the Pre-Registration form<\/a>. You will receive an acknowledgement e-mail.<\/li>\n<li class=\"paragraph_style_4\">Step 2: Your Pre-Registration will be examined by the Cryocourse panel, and you will recieve a confirmation e-mail if your application is validated. You will then be able to attend Cryocourse 2021.<\/li>\n<\/ul>\n<p class=\"paragraph_style_4\">Information on housing and travel can be found in <a href=\"http:\/\/cryocourse2021.grenoble.cnrs.fr\/index.php\/venue\/\">the \u00ab\u00a0venue\u00a0\u00bb tab<\/a>. If you have any problems with online registration, please contact <a href=\"mailto:cryocourse2021.contact@neel.cnrs.fr\">cryocourse2021.contact@neel.cnrs.fr<\/a><\/p>\n<p class=\"paragraph_style_7\"><strong>Accepted participants:<\/strong><\/p>\n<p>\u00ab\u00a0In-Person\u00a0\u00bb participants:<\/p>\n<table width=\"550\">\n<tbody>\n<tr>\n<td width=\"166\">Alperin<\/td>\n<td width=\"182\">Baptiste<\/td>\n<td width=\"202\">Neel<\/td>\n<\/tr>\n<tr>\n<td>Armatol<\/td>\n<td>Antoine<\/td>\n<td>CEA IRFU<\/td>\n<\/tr>\n<tr>\n<td>Aubergier<\/td>\n<td>Nathan<\/td>\n<td>CEA IRIG<\/td>\n<\/tr>\n<tr>\n<td>Ba\u010dkai<\/td>\n<td>J\u00falius<\/td>\n<td>Kocise<\/td>\n<\/tr>\n<tr>\n<td>Baranski<\/td>\n<td>Maciej<\/td>\n<td width=\"202\">FEMTO ST<\/td>\n<\/tr>\n<tr>\n<td>Brisuda<\/td>\n<td>Boris<\/td>\n<td>Neel<\/td>\n<\/tr>\n<tr>\n<td>Celi<\/td>\n<td>Emanuela<\/td>\n<td>Gran Sasso<\/td>\n<\/tr>\n<tr>\n<td>Cooper<\/td>\n<td>Bernard<\/td>\n<td>U-Glasgow<\/td>\n<\/tr>\n<tr>\n<td>Eng<\/td>\n<td>Nathan<\/td>\n<td>RHUL<\/td>\n<\/tr>\n<tr>\n<td>Gamblen<\/td>\n<td>Emily<\/td>\n<td>ULANC<\/td>\n<\/tr>\n<tr>\n<td>Gilmus<\/td>\n<td>Valernst<\/td>\n<td>Univ. Lyon 1<\/td>\n<\/tr>\n<tr>\n<td>Gouriou<\/td>\n<td>Clement<\/td>\n<td>NEEL<\/td>\n<\/tr>\n<tr>\n<td>Haas<\/td>\n<td>Marcel<\/td>\n<td>KIP<\/td>\n<\/tr>\n<tr>\n<td>Holub<\/td>\n<td>Mariia<\/td>\n<td>Safarik Kocise<\/td>\n<\/tr>\n<tr>\n<td>Jacquet<\/td>\n<td>Pierre-Edouard<\/td>\n<td>LKB<\/td>\n<\/tr>\n<tr>\n<td>Kaur<\/td>\n<td>Arshjot<\/td>\n<td>CEA LNHB<\/td>\n<\/tr>\n<tr>\n<td>Khan<\/td>\n<td>Saba<\/td>\n<td>ULANC<\/td>\n<\/tr>\n<tr>\n<td>Kouwenhoven<\/td>\n<td>Kevin<\/td>\n<td>SRON<\/td>\n<\/tr>\n<tr>\n<td>Kuzmiak<\/td>\n<td>Marek<\/td>\n<td>Kocise<\/td>\n<\/tr>\n<tr>\n<td>Latella<\/td>\n<td>Thomas<\/td>\n<td>CEA<\/td>\n<\/tr>\n<tr>\n<td>Mauri<\/td>\n<td>Beatrice<\/td>\n<td>CEA IRFU<\/td>\n<\/tr>\n<tr>\n<td>M\u00e9thivier<\/td>\n<td>Lucas<\/td>\n<td>ENS Lyon<\/td>\n<\/tr>\n<tr>\n<td>M\u00f6rstedt<\/td>\n<td>Timm Fabian<\/td>\n<td>Aalto<\/td>\n<\/tr>\n<tr>\n<td>M\u00fcller<\/td>\n<td>Michael<\/td>\n<td>KIT<\/td>\n<\/tr>\n<tr>\n<td>Museur<\/td>\n<td>Flavien<\/td>\n<td>NEEL<\/td>\n<\/tr>\n<tr>\n<td>Pedurand<\/td>\n<td>Richard<\/td>\n<td>INFN<\/td>\n<\/tr>\n<tr>\n<td>Shuster<\/td>\n<td>Constantin<\/td>\n<td width=\"202\">KIT<\/td>\n<\/tr>\n<tr>\n<td>St\u00e4nder<\/td>\n<td>Christian<\/td>\n<td>KIP<\/td>\n<\/tr>\n<tr>\n<td>Taylor<\/td>\n<td>Max<\/td>\n<td>ULANC<\/td>\n<\/tr>\n<tr>\n<td>To<\/td>\n<td>Le Hong Hoang<\/td>\n<td>IJCLab<\/td>\n<\/tr>\n<tr>\n<td>Unger<\/td>\n<td>Daniel<\/td>\n<td>KIP<\/td>\n<\/tr>\n<tr>\n<td>Veyrat De Lachenal<\/td>\n<td>Lou-Anne<\/td>\n<td>NEEL<\/td>\n<\/tr>\n<tr>\n<td>Viswanathan<\/td>\n<td>Jeyathasan<\/td>\n<td>CEA SBT<\/td>\n<\/tr>\n<tr>\n<td>Volard<\/td>\n<td>Marie-Melody<\/td>\n<td>AALTO<\/td>\n<\/tr>\n<tr>\n<td>Volavka<\/td>\n<td>Dominik<\/td>\n<td>Kocise<\/td>\n<\/tr>\n<tr>\n<td>Wielens<\/td>\n<td>Daan<\/td>\n<td>U-Twente<\/td>\n<\/tr>\n<tr>\n<td>Zeng<\/td>\n<td>Weijun<\/td>\n<td>Aalto<\/td>\n<\/tr>\n<\/tbody>\n<\/table>\n<p>\u00ab\u00a0On-line\u00a0\u00bb participants:<\/p>\n<table width=\"423\">\n<tbody>\n<tr>\n<td width=\"127\">Altmann<\/td>\n<td width=\"83\">Josepha<\/td>\n<td width=\"213\">PTB<\/td>\n<\/tr>\n<tr>\n<td>Baloh<\/td>\n<td>Pavlo<\/td>\n<td>Kocise<\/td>\n<\/tr>\n<tr>\n<td>Barragan<\/td>\n<td>Mathieu<\/td>\n<td>LNCMI Toulouse<\/td>\n<\/tr>\n<tr>\n<td>Danylchenko<\/td>\n<td>Petro<\/td>\n<td>Kocise<\/td>\n<\/tr>\n<tr>\n<td>Das<\/td>\n<td>Deepanjan<\/td>\n<td>ULANC<\/td>\n<\/tr>\n<tr>\n<td>Delamoreanu<\/td>\n<td>\u00a0Alex<\/td>\n<td>Oxford France<\/td>\n<\/tr>\n<tr>\n<td>Dherbecourt<\/td>\n<td>Diane<\/td>\n<td>CEA DSBT<\/td>\n<\/tr>\n<tr>\n<td>Fernandez Lomana<\/td>\n<td>Marta<\/td>\n<td>U.-Madrid<\/td>\n<\/tr>\n<tr>\n<td>Fontana<\/td>\n<td>Alex<\/td>\n<td>NEEL<\/td>\n<\/tr>\n<tr>\n<td>Gravelier<\/td>\n<td>Quentin<\/td>\n<td>LAAS<\/td>\n<\/tr>\n<tr>\n<td>Gnanago<\/td>\n<td>Jean-Lynce<\/td>\n<td>Univ. Lyon 1<\/td>\n<\/tr>\n<tr>\n<td>Golia\u0161<\/td>\n<td>Kamil<\/td>\n<td>Kocise<\/td>\n<\/tr>\n<tr>\n<td>Golokolenov<\/td>\n<td>Ilya<\/td>\n<td>Neel<\/td>\n<\/tr>\n<tr>\n<td>Gustafsson<\/td>\n<td>Andreas<\/td>\n<td>Univ. West<\/td>\n<\/tr>\n<tr>\n<td>Jousset<\/td>\n<td>Julien<\/td>\n<td>LNCMI Grenoble<\/td>\n<\/tr>\n<tr>\n<td>Ko\u0161uth<\/td>\n<td>Filip<\/td>\n<td>Kocise<\/td>\n<\/tr>\n<tr>\n<td>Liu<\/td>\n<td>Wei<\/td>\n<td>IQM<\/td>\n<\/tr>\n<tr>\n<td>Onishchenko<\/td>\n<td>Oleksiy<\/td>\n<td>U.-Mainz<\/td>\n<\/tr>\n<tr>\n<td>Pan<\/td>\n<td>Changzhao<\/td>\n<td>LNE<\/td>\n<\/tr>\n<tr>\n<td>Patton<\/td>\n<td>Searbh\u00e1n<\/td>\n<td>ULANC<\/td>\n<\/tr>\n<tr>\n<td>Podopryhora<\/td>\n<td>Oleksandr<\/td>\n<td>Kocise<\/td>\n<\/tr>\n<tr>\n<td>\u0160ofranko<\/td>\n<td>Ondrej<\/td>\n<td>Kocise<\/td>\n<\/tr>\n<tr>\n<td>Tamil Alagan<\/td>\n<td>Nageswaran<\/td>\n<td>Univ. West<\/td>\n<\/tr>\n<tr>\n<td>V\u00e4\u00e4n\u00e4nen<\/td>\n<td>Saara<\/td>\n<td>Tampere University<\/td>\n<\/tr>\n<tr>\n<td>Van De Pontseele<\/td>\n<td>Wouter<\/td>\n<td>University of Oxford<\/td>\n<\/tr>\n<tr>\n<td>S\u00e1nchez Barquilla<\/td>\n<td>Raquel<\/td>\n<td>U.-Madrid<\/td>\n<\/tr>\n<tr>\n<td>Singh<\/td>\n<td>Angadjit<\/td>\n<td>RHUL<\/td>\n<\/tr>\n<tr>\n<td>Ziolkowski<\/td>\n<td>Pawel<\/td>\n<td>XFEL<\/td>\n<\/tr>\n<\/tbody>\n<\/table>\n","protected":false},"excerpt":{"rendered":"<p>Registration is required for all participants. Please, follow the explanations below, and be ready to submit all required material for your application (CV, motivation letter, diploma scan). You shall also submit a title and abstract for your Poster (standard A0 &hellip; <a href=\"http:\/\/cryocourse2021.grenoble.cnrs.fr\/index.php\/registration\/\">Continuer la lecture <span class=\"meta-nav\">&rarr;<\/span><\/a><\/p>\n","protected":false},"author":1,"featured_media":0,"parent":0,"menu_order":0,"comment_status":"closed","ping_status":"closed","template":"","meta":{"footnotes":""},"class_list":["post-12","page","type-page","status-publish","hentry"],"_links":{"self":[{"href":"http:\/\/cryocourse2021.grenoble.cnrs.fr\/index.php\/wp-json\/wp\/v2\/pages\/12","targetHints":{"allow":["GET"]}}],"collection":[{"href":"http:\/\/cryocourse2021.grenoble.cnrs.fr\/index.php\/wp-json\/wp\/v2\/pages"}],"about":[{"href":"http:\/\/cryocourse2021.grenoble.cnrs.fr\/index.php\/wp-json\/wp\/v2\/types\/page"}],"author":[{"embeddable":true,"href":"http:\/\/cryocourse2021.grenoble.cnrs.fr\/index.php\/wp-json\/wp\/v2\/users\/1"}],"replies":[{"embeddable":true,"href":"http:\/\/cryocourse2021.grenoble.cnrs.fr\/index.php\/wp-json\/wp\/v2\/comments?post=12"}],"version-history":[{"count":24,"href":"http:\/\/cryocourse2021.grenoble.cnrs.fr\/index.php\/wp-json\/wp\/v2\/pages\/12\/revisions"}],"predecessor-version":[{"id":533,"href":"http:\/\/cryocourse2021.grenoble.cnrs.fr\/index.php\/wp-json\/wp\/v2\/pages\/12\/revisions\/533"}],"wp:attachment":[{"href":"http:\/\/cryocourse2021.grenoble.cnrs.fr\/index.php\/wp-json\/wp\/v2\/media?parent=12"}],"curies":[{"name":"wp","href":"https:\/\/api.w.org\/{rel}","templated":true}]}}